{"id":6493,"date":"2021-10-05T13:05:24","date_gmt":"2021-10-05T10:05:24","guid":{"rendered":"https:\/\/makalekontrol.com\/sikca-sorulan-sorular\/"},"modified":"2023-03-03T12:42:13","modified_gmt":"2023-03-03T09:42:13","slug":"frequently-asked-questions","status":"publish","type":"page","link":"https:\/\/makalekontrol.com\/en\/frequently-asked-questions\/","title":{"rendered":"Frequently Asked Questions"},"content":{"rendered":"\t\t<div data-elementor-type=\"wp-page\" data-elementor-id=\"6493\" class=\"elementor elementor-6493\">\n\t\t\t\t\t\t<section class=\"elementor-section elementor-top-section elementor-element elementor-element-7b2a7c8 elementor-section-boxed elementor-section-height-default elementor-section-height-default\" data-id=\"7b2a7c8\" data-element_type=\"section\" data-e-type=\"section\">\n\t\t\t\t\t\t<div class=\"elementor-container elementor-column-gap-default\">\n\t\t\t\t\t<div class=\"elementor-column elementor-col-100 elementor-top-column elementor-element elementor-element-56666a4\" data-id=\"56666a4\" data-element_type=\"column\" data-e-type=\"column\">\n\t\t\t<div class=\"elementor-widget-wrap elementor-element-populated\">\n\t\t\t\t\t\t<div class=\"elementor-element elementor-element-5b318cf elementor-widget elementor-widget-creote-title-v1\" data-id=\"5b318cf\" data-element_type=\"widget\" data-e-type=\"widget\" data-widget_type=\"creote-title-v1.default\">\n\t\t\t\t<div class=\"elementor-widget-container\">\n\t\t\t\t\t<div class=\"title_all_box style_one  dark_color\">\r\n         <div class=\"title_sections center\">\r\n            <div class=\"before_title\">\r\n         IMK Proofreading Services      <\/div>\r\n                                 <div class=\"title\">  Frequently Asked Questions<\/div>\r\n                         <\/div>\r\n               \r\n<\/div>\r\n\t\t\t\t<\/div>\n\t\t\t\t<\/div>\n\t\t\t\t<section class=\"elementor-section elementor-inner-section elementor-element elementor-element-d14a584 elementor-section-boxed elementor-section-height-default elementor-section-height-default\" data-id=\"d14a584\" data-element_type=\"section\" data-e-type=\"section\">\n\t\t\t\t\t\t<div class=\"elementor-container elementor-column-gap-default\">\n\t\t\t\t\t<div class=\"elementor-column elementor-col-100 elementor-inner-column elementor-element elementor-element-73023a0\" data-id=\"73023a0\" data-element_type=\"column\" data-e-type=\"column\">\n\t\t\t<div class=\"elementor-widget-wrap elementor-element-populated\">\n\t\t\t\t\t\t<div class=\"elementor-element elementor-element-1da598a elementor-widget elementor-widget-creote-faqs-v1\" data-id=\"1da598a\" data-element_type=\"widget\" data-e-type=\"widget\" data-widget_type=\"creote-faqs-v1.default\">\n\t\t\t\t<div class=\"elementor-widget-container\">\n\t\t\t\t\t \r\n<section class=\"faq_section type_two\">\r\n   <div class=\"block_faq\">\r\n      <div class=\"accordion\">\r\n         <dl>\r\n                                    <dt class=\"faq_header active\"    data-aos=\"fade-up\" data-aos-delay=\"0\"  data-aos-offset=\"0\" >\r\n               How long will it take you to respond once I send you an article?<span class=\"icon-play\"><\/span>\r\n            <\/dt>\r\n            <dd class=\"accordion-content\"  style=\"display:block;\"     data-aos=\"fade-up\" data-aos-delay=\"0\"  data-aos-offset=\"0\" >\r\n               <p>\r\n                  After examining the document you want proofread, we will advise you of the delivery date and price as soon as possible. We reply to all mail within office hours. Mail received outside office hours will be answered the following working day.               <\/p>\r\n            <\/dd>\r\n                        <dt class=\"faq_header \"    data-aos=\"fade-up\" data-aos-delay=\"0\"  data-aos-offset=\"0\" >\r\n               What exactly does your article review or proofreading service cover?<span class=\"icon-play\"><\/span>\r\n            <\/dt>\r\n            <dd class=\"accordion-content\"     data-aos=\"fade-up\" data-aos-delay=\"0\"  data-aos-offset=\"0\" >\r\n               <p>\r\n                  Proofreading, or final reading, is the review and editing of a text in terms of spelling, grammar, punctuation, coherence and inconsistency and general formatting (such as the use of fonts, spaces, bold or italic characters, etc.)  It does not include rewriting the text or modifying it in a way that is contradictory to its original content.               <\/p>\r\n            <\/dd>\r\n                        <dt class=\"faq_header \"    data-aos=\"fade-up\" data-aos-delay=\"0\"  data-aos-offset=\"0\" >\r\n               Who will proofread my work?<span class=\"icon-play\"><\/span>\r\n            <\/dt>\r\n            <dd class=\"accordion-content\"     data-aos=\"fade-up\" data-aos-delay=\"0\"  data-aos-offset=\"0\" >\r\n               <p>\r\n                  Your work will be proofread by our contracted native English-speaking editors.  No matter how good his command of the language, a non-native English speaker cannot match the proofreading service provided by a native English-speaking editor. For this reason we work exclusively with NATIVE ENGLISH-SPEAKING professional editors. As an added convenience, we ensure that after your first article, all your future material will be proofread by the same editor. As a result, your work will be consistent in style.               <\/p>\r\n            <\/dd>\r\n                        <dt class=\"faq_header \"    data-aos=\"fade-up\" data-aos-delay=\"0\"  data-aos-offset=\"0\" >\r\n               Why should I work with you instead of a translation office? What is the difference?<span class=\"icon-play\"><\/span>\r\n            <\/dt>\r\n            <dd class=\"accordion-content\"     data-aos=\"fade-up\" data-aos-delay=\"0\"  data-aos-offset=\"0\" >\r\n               <p>\r\n                  Due to the nature of the work they perform, translation offices do not usually employ native English-speaking editors. Therefore, English texts you send to translation offices are reviewed by non-native translators with a limited command of English. Imagine you wrote an article in Spanish and had it reviewed by a non-Spanish foreigner. The result would not be very different from the result you would get from sending your article to translation offices for proofreading. However, the linguists we work with do not make a living from translations, but from reviewing and correcting articles written in English. Therefore, they produce material that is far superior in quality to that of the proofreading performed by non-native English-speaking translators.               <\/p>\r\n            <\/dd>\r\n                        <dt class=\"faq_header \"    data-aos=\"fade-up\" data-aos-delay=\"0\"  data-aos-offset=\"0\" >\r\n               How long will it take to have my article proofread?<span class=\"icon-play\"><\/span>\r\n            <\/dt>\r\n            <dd class=\"accordion-content\"     data-aos=\"fade-up\" data-aos-delay=\"0\"  data-aos-offset=\"0\" >\r\n               <p>\r\n                  This entirely depends on the length and condition of the article. However, as a general rule we need about 24 hours per 1,000 words. If you need faster service, please let us know and we will do our best to deliver more quickly.               <\/p>\r\n            <\/dd>\r\n                        <dt class=\"faq_header \"    data-aos=\"fade-up\" data-aos-delay=\"0\"  data-aos-offset=\"0\" >\r\n               Can I see the changes made to my article?<span class=\"icon-play\"><\/span>\r\n            <\/dt>\r\n            <dd class=\"accordion-content\"     data-aos=\"fade-up\" data-aos-delay=\"0\"  data-aos-offset=\"0\" >\r\n               <p>\r\n                  We deliver two copies of the article so that you can see exactly what changes were made. In the document entitled \"corrected copy\" you will be able to see all the changes made through the \"show changes\" feature of MS Word. On the other hand, the document entitled \"original copy\" will have all changes accepted.  Therefore, you will be able to use this document without making any further changes.               <\/p>\r\n            <\/dd>\r\n                        <dt class=\"faq_header \"    data-aos=\"fade-up\" data-aos-delay=\"0\"  data-aos-offset=\"0\" >\r\n               The confidentiality of my work is very important for me. What measures do you take in relation to confidentiality?<span class=\"icon-play\"><\/span>\r\n            <\/dt>\r\n            <dd class=\"accordion-content\"     data-aos=\"fade-up\" data-aos-delay=\"0\"  data-aos-offset=\"0\" >\r\n               <p>\r\n                  The confidentiality of the work prepared by our clients is very important to us. Indeed, our future and the continuity of our business depend on the attention we pay to this matter. We guarantee that we will never disclose the content of material entrusted to us by our clients to any third party individual or organization. In addition, all the editors we work with are contractually bound to comply with our terms of strict confidentiality. For more detailed information on this matter, please see \"Confidentiality Commitment\".               <\/p>\r\n            <\/dd>\r\n                        <dt class=\"faq_header \"    data-aos=\"fade-up\" data-aos-delay=\"0\"  data-aos-offset=\"0\" >\r\n               Do you accept urgent works?<span class=\"icon-play\"><\/span>\r\n            <\/dt>\r\n            <dd class=\"accordion-content\"     data-aos=\"fade-up\" data-aos-delay=\"0\"  data-aos-offset=\"0\" >\r\n               <p>\r\n                  Yes, but it is subject to extra charges. Please contact us for more detailed information.               <\/p>\r\n            <\/dd>\r\n                        <dt class=\"faq_header \"    data-aos=\"fade-up\" data-aos-delay=\"0\"  data-aos-offset=\"0\" >\r\n               I need to have an English article rewritten using different words but without changing the context. Do you provide such a service?<span class=\"icon-play\"><\/span>\r\n            <\/dt>\r\n            <dd class=\"accordion-content\"     data-aos=\"fade-up\" data-aos-delay=\"0\"  data-aos-offset=\"0\" >\r\n               <p>\r\n                  This service, known as paraphrasing, is usually sought by individuals intending to plagiarize other people's work. This is completely against our working principles. If you require this service for other reasons please explain your intentions and we will evaluate the situation.               <\/p>\r\n            <\/dd>\r\n                        <dt class=\"faq_header \"    data-aos=\"fade-up\" data-aos-delay=\"0\"  data-aos-offset=\"0\" >\r\n               How can I pay you? Do you accept credit cards?<span class=\"icon-play\"><\/span>\r\n            <\/dt>\r\n            <dd class=\"accordion-content\"     data-aos=\"fade-up\" data-aos-delay=\"0\"  data-aos-offset=\"0\" >\r\n               <p>\r\n                  Yes, you can safely pay through online payment platforms such as; Skrill, Payza, Payoneer, 2checkout or wm transfer.               <\/p>\r\n            <\/dd>\r\n                        <dt class=\"faq_header \"    data-aos=\"fade-up\" data-aos-delay=\"0\"  data-aos-offset=\"0\" >\r\n               When do I pay you?<span class=\"icon-play\"><\/span>\r\n            <\/dt>\r\n            <dd class=\"accordion-content\"     data-aos=\"fade-up\" data-aos-delay=\"0\"  data-aos-offset=\"0\" >\r\n               <p>\r\n                  You pay us after you get the proofread article.               <\/p>\r\n            <\/dd>\r\n                                 <\/dl>\r\n      <\/div>\r\n   <\/div>\r\n<\/section>\r\n\t\t\t\t<\/div>\n\t\t\t\t<\/div>\n\t\t\t\t\t<\/div>\n\t\t<\/div>\n\t\t\t\t\t<\/div>\n\t\t<\/section>\n\t\t\t\t\t<\/div>\n\t\t<\/div>\n\t\t\t\t\t<\/div>\n\t\t<\/section>\n\t\t\t\t<\/div>\n\t\t","protected":false},"excerpt":{"rendered":"<p>IMK Proofreading Services Frequently Asked Questions How long will it take you to respond once I send you an article? After examining the document you want proofread, we will advise you of the delivery date and price as soon as possible. We reply to all mail within office hours. Mail received outside office hours will [&hellip;]<\/p>\n","protected":false},"author":1,"featured_media":0,"parent":0,"menu_order":0,"comment_status":"closed","ping_status":"closed","template":"template-fullwidth.php","meta":{"om_disable_all_campaigns":false,"_monsterinsights_skip_tracking":false,"_monsterinsights_sitenote_active":false,"_monsterinsights_sitenote_note":"","_monsterinsights_sitenote_category":0,"_uf_show_specific_survey":0,"_uf_disable_surveys":false,"footnotes":""},"class_list":["post-6493","page","type-page","status-publish","hentry"],"aioseo_notices":[],"yoast_head":"<!-- This site is optimized with the Yoast SEO Premium plugin v20.7 (Yoast SEO v27.4) - https:\/\/yoast.com\/product\/yoast-seo-premium-wordpress\/ -->\n<title>Frequently Asked Questions - \u0130MK Makale Kontrol<\/title>\n<meta name=\"description\" content=\"Frequently Asked Questions (FAQ) Answers to the most frequently asked questions about the article checking site and service content.\" \/>\n<meta name=\"robots\" content=\"index, follow, max-snippet:-1, max-image-preview:large, max-video-preview:-1\" \/>\n<link rel=\"canonical\" href=\"https:\/\/makalekontrol.com\/en\/frequently-asked-questions\/\" \/>\n<meta property=\"og:locale\" content=\"en_US\" \/>\n<meta property=\"og:type\" content=\"article\" \/>\n<meta property=\"og:title\" content=\"Frequently Asked Questions - \u0130MK Makale Kontrol\" \/>\n<meta property=\"og:description\" content=\"Frequently Asked Questions (FAQ) Answers to the most frequently asked questions about the article checking site and service content.\" \/>\n<meta property=\"og:url\" content=\"https:\/\/makalekontrol.com\/en\/frequently-asked-questions\/\" \/>\n<meta property=\"og:site_name\" content=\"\u0130MK Makale Kontrol\" \/>\n<meta property=\"article:modified_time\" content=\"2023-03-03T09:42:13+00:00\" \/>\n<meta property=\"og:image\" content=\"https:\/\/makalekontrol.com\/wp-content\/uploads\/2023\/02\/imk-favicon.png\" \/>\n\t<meta property=\"og:image:width\" content=\"100\" \/>\n\t<meta property=\"og:image:height\" content=\"100\" \/>\n\t<meta property=\"og:image:type\" content=\"image\/png\" \/>\n<script type=\"application\/ld+json\" class=\"yoast-schema-graph\">{\"@context\":\"https:\\\/\\\/schema.org\",\"@graph\":[{\"@type\":\"WebPage\",\"@id\":\"https:\\\/\\\/makalekontrol.com\\\/en\\\/frequently-asked-questions\\\/\",\"url\":\"https:\\\/\\\/makalekontrol.com\\\/en\\\/frequently-asked-questions\\\/\",\"name\":\"Frequently Asked Questions - \u0130MK Makale Kontrol\",\"isPartOf\":{\"@id\":\"https:\\\/\\\/makalekontrol.com\\\/#website\"},\"datePublished\":\"2021-10-05T10:05:24+00:00\",\"dateModified\":\"2023-03-03T09:42:13+00:00\",\"description\":\"Frequently Asked Questions (FAQ) Answers to the most frequently asked questions about the article checking site and service content.\",\"inLanguage\":\"en-US\",\"potentialAction\":[{\"@type\":\"ReadAction\",\"target\":[\"https:\\\/\\\/makalekontrol.com\\\/en\\\/frequently-asked-questions\\\/\"]}]},{\"@type\":\"WebSite\",\"@id\":\"https:\\\/\\\/makalekontrol.com\\\/#website\",\"url\":\"https:\\\/\\\/makalekontrol.com\\\/\",\"name\":\"\u0130MK Makale Kontrol\",\"description\":\"\u0130ngiliz Edit\u00f6rlerle Makale Kontrol\u00fc\",\"publisher\":{\"@id\":\"https:\\\/\\\/makalekontrol.com\\\/#organization\"},\"potentialAction\":[{\"@type\":\"SearchAction\",\"target\":{\"@type\":\"EntryPoint\",\"urlTemplate\":\"https:\\\/\\\/makalekontrol.com\\\/?s={search_term_string}\"},\"query-input\":{\"@type\":\"PropertyValueSpecification\",\"valueRequired\":true,\"valueName\":\"search_term_string\"}}],\"inLanguage\":\"en-US\"},{\"@type\":\"Organization\",\"@id\":\"https:\\\/\\\/makalekontrol.com\\\/#organization\",\"name\":\"\u0130MK Makale Kontrol\",\"url\":\"https:\\\/\\\/makalekontrol.com\\\/\",\"logo\":{\"@type\":\"ImageObject\",\"inLanguage\":\"en-US\",\"@id\":\"https:\\\/\\\/makalekontrol.com\\\/#\\\/schema\\\/logo\\\/image\\\/\",\"url\":\"https:\\\/\\\/makalekontrol.com\\\/wp-content\\\/uploads\\\/2023\\\/02\\\/imk-favicon.png\",\"contentUrl\":\"https:\\\/\\\/makalekontrol.com\\\/wp-content\\\/uploads\\\/2023\\\/02\\\/imk-favicon.png\",\"width\":100,\"height\":100,\"caption\":\"\u0130MK Makale Kontrol\"},\"image\":{\"@id\":\"https:\\\/\\\/makalekontrol.com\\\/#\\\/schema\\\/logo\\\/image\\\/\"}}]}<\/script>\n<!-- \/ Yoast SEO Premium plugin. -->","yoast_head_json":{"title":"Frequently Asked Questions - \u0130MK Makale Kontrol","description":"Frequently Asked Questions (FAQ) Answers to the most frequently asked questions about the article checking site and service content.","robots":{"index":"index","follow":"follow","max-snippet":"max-snippet:-1","max-image-preview":"max-image-preview:large","max-video-preview":"max-video-preview:-1"},"canonical":"https:\/\/makalekontrol.com\/en\/frequently-asked-questions\/","og_locale":"en_US","og_type":"article","og_title":"Frequently Asked Questions - \u0130MK Makale Kontrol","og_description":"Frequently Asked Questions (FAQ) Answers to the most frequently asked questions about the article checking site and service content.","og_url":"https:\/\/makalekontrol.com\/en\/frequently-asked-questions\/","og_site_name":"\u0130MK Makale Kontrol","article_modified_time":"2023-03-03T09:42:13+00:00","og_image":[{"width":100,"height":100,"url":"https:\/\/makalekontrol.com\/wp-content\/uploads\/2023\/02\/imk-favicon.png","type":"image\/png"}],"schema":{"@context":"https:\/\/schema.org","@graph":[{"@type":"WebPage","@id":"https:\/\/makalekontrol.com\/en\/frequently-asked-questions\/","url":"https:\/\/makalekontrol.com\/en\/frequently-asked-questions\/","name":"Frequently Asked Questions - \u0130MK Makale Kontrol","isPartOf":{"@id":"https:\/\/makalekontrol.com\/#website"},"datePublished":"2021-10-05T10:05:24+00:00","dateModified":"2023-03-03T09:42:13+00:00","description":"Frequently Asked Questions (FAQ) Answers to the most frequently asked questions about the article checking site and service content.","inLanguage":"en-US","potentialAction":[{"@type":"ReadAction","target":["https:\/\/makalekontrol.com\/en\/frequently-asked-questions\/"]}]},{"@type":"WebSite","@id":"https:\/\/makalekontrol.com\/#website","url":"https:\/\/makalekontrol.com\/","name":"\u0130MK Makale Kontrol","description":"\u0130ngiliz Edit\u00f6rlerle Makale Kontrol\u00fc","publisher":{"@id":"https:\/\/makalekontrol.com\/#organization"},"potentialAction":[{"@type":"SearchAction","target":{"@type":"EntryPoint","urlTemplate":"https:\/\/makalekontrol.com\/?s={search_term_string}"},"query-input":{"@type":"PropertyValueSpecification","valueRequired":true,"valueName":"search_term_string"}}],"inLanguage":"en-US"},{"@type":"Organization","@id":"https:\/\/makalekontrol.com\/#organization","name":"\u0130MK Makale Kontrol","url":"https:\/\/makalekontrol.com\/","logo":{"@type":"ImageObject","inLanguage":"en-US","@id":"https:\/\/makalekontrol.com\/#\/schema\/logo\/image\/","url":"https:\/\/makalekontrol.com\/wp-content\/uploads\/2023\/02\/imk-favicon.png","contentUrl":"https:\/\/makalekontrol.com\/wp-content\/uploads\/2023\/02\/imk-favicon.png","width":100,"height":100,"caption":"\u0130MK Makale Kontrol"},"image":{"@id":"https:\/\/makalekontrol.com\/#\/schema\/logo\/image\/"}}]}},"_links":{"self":[{"href":"https:\/\/makalekontrol.com\/en\/wp-json\/wp\/v2\/pages\/6493","targetHints":{"allow":["GET"]}}],"collection":[{"href":"https:\/\/makalekontrol.com\/en\/wp-json\/wp\/v2\/pages"}],"about":[{"href":"https:\/\/makalekontrol.com\/en\/wp-json\/wp\/v2\/types\/page"}],"author":[{"embeddable":true,"href":"https:\/\/makalekontrol.com\/en\/wp-json\/wp\/v2\/users\/1"}],"replies":[{"embeddable":true,"href":"https:\/\/makalekontrol.com\/en\/wp-json\/wp\/v2\/comments?post=6493"}],"version-history":[{"count":8,"href":"https:\/\/makalekontrol.com\/en\/wp-json\/wp\/v2\/pages\/6493\/revisions"}],"predecessor-version":[{"id":6663,"href":"https:\/\/makalekontrol.com\/en\/wp-json\/wp\/v2\/pages\/6493\/revisions\/6663"}],"wp:attachment":[{"href":"https:\/\/makalekontrol.com\/en\/wp-json\/wp\/v2\/media?parent=6493"}],"curies":[{"name":"wp","href":"https:\/\/api.w.org\/{rel}","templated":true}]}}