{"id":6487,"date":"2021-10-05T13:12:07","date_gmt":"2021-10-05T10:12:07","guid":{"rendered":"https:\/\/makalekontrol.com\/iletisim\/"},"modified":"2023-03-28T11:20:20","modified_gmt":"2023-03-28T08:20:20","slug":"contact","status":"publish","type":"page","link":"https:\/\/makalekontrol.com\/en\/contact\/","title":{"rendered":"Contact"},"content":{"rendered":"\t\t<div data-elementor-type=\"wp-page\" data-elementor-id=\"6487\" class=\"elementor elementor-6487\">\n\t\t\t\t\t\t<section class=\"elementor-section elementor-top-section elementor-element elementor-element-efe7969 elementor-section-boxed elementor-section-height-default elementor-section-height-default\" data-id=\"efe7969\" data-element_type=\"section\" data-e-type=\"section\">\n\t\t\t\t\t\t<div class=\"elementor-container elementor-column-gap-default\">\n\t\t\t\t\t<div class=\"elementor-column elementor-col-50 elementor-top-column elementor-element elementor-element-dca790f\" data-id=\"dca790f\" data-element_type=\"column\" data-e-type=\"column\">\n\t\t\t<div class=\"elementor-widget-wrap elementor-element-populated\">\n\t\t\t\t\t\t<div class=\"elementor-element elementor-element-2480814 elementor-widget elementor-widget-creote-contact-form-v1\" data-id=\"2480814\" data-element_type=\"widget\" data-e-type=\"widget\" data-widget_type=\"creote-contact-form-v1.default\">\n\t\t\t\t<div class=\"elementor-widget-container\">\n\t\t\t\t\t<section class=\"contact_form_box_all type_one\"\r\n   data-aos=\"fade-up\"  data-aos-offset=\"0\"\r\n  data-aos-delay=\"0\" >\r\n    <div class=\"contact_form_box_inner\">\r\n    <div class=\"contact_form_shortcode\">\r\n            \n<div class=\"wpcf7 no-js\" id=\"wpcf7-f6518-o1\" lang=\"en-US\" dir=\"ltr\" data-wpcf7-id=\"6518\">\n<div class=\"screen-reader-response\"><p role=\"status\" aria-live=\"polite\" aria-atomic=\"true\"><\/p> <ul><\/ul><\/div>\n<form action=\"\/en\/wp-json\/wp\/v2\/pages\/6487#wpcf7-f6518-o1\" method=\"post\" class=\"wpcf7-form init\" aria-label=\"Contact form\" novalidate=\"novalidate\" data-status=\"init\">\n<fieldset class=\"hidden-fields-container\"><input type=\"hidden\" name=\"_wpcf7\" value=\"6518\" \/><input type=\"hidden\" name=\"_wpcf7_version\" value=\"6.1.4\" \/><input type=\"hidden\" name=\"_wpcf7_locale\" value=\"en_US\" \/><input type=\"hidden\" name=\"_wpcf7_unit_tag\" value=\"wpcf7-f6518-o1\" \/><input type=\"hidden\" name=\"_wpcf7_container_post\" value=\"0\" \/><input type=\"hidden\" name=\"_wpcf7_posted_data_hash\" value=\"\" \/><input type=\"hidden\" name=\"_wpcf7_recaptcha_response\" value=\"\" \/>\n<\/fieldset>\n<p><label><span class=\"wpcf7-form-control-wrap\" data-name=\"your-name\"><input size=\"40\" maxlength=\"400\" class=\"wpcf7-form-control wpcf7-text wpcf7-validates-as-required\" aria-required=\"true\" aria-invalid=\"false\" value=\"Name Surname\" type=\"text\" name=\"your-name\" \/><\/span><i class=\"fa fa-user\"><\/i><\/label>\n<\/p>\n<p><label><span class=\"wpcf7-form-control-wrap\" data-name=\"your-email\"><input size=\"40\" maxlength=\"400\" class=\"wpcf7-form-control wpcf7-email wpcf7-validates-as-required wpcf7-text wpcf7-validates-as-email\" aria-required=\"true\" aria-invalid=\"false\" value=\"Email\" type=\"email\" name=\"your-email\" \/><\/span><i class=\"fa fa-envelope\"><\/i><\/label>\n<\/p>\n<p><label><span class=\"wpcf7-form-control-wrap\" data-name=\"your-subject\"><input size=\"40\" maxlength=\"400\" class=\"wpcf7-form-control wpcf7-text wpcf7-validates-as-required\" aria-required=\"true\" aria-invalid=\"false\" value=\"Subject\" type=\"text\" name=\"your-subject\" \/><\/span><i class=\"fa fa-folder\"><\/i><\/label>\n<\/p>\n<p><label><span class=\"wpcf7-form-control-wrap\" data-name=\"your-message\"><textarea cols=\"40\" rows=\"10\" maxlength=\"2000\" class=\"wpcf7-form-control wpcf7-textarea\" aria-invalid=\"false\" name=\"your-message\">Your Message<\/textarea><\/span><i class=\"fa fa-comments\"><\/i><\/label>\n<\/p>\n<p><input class=\"wpcf7-form-control wpcf7-submit has-spinner\" type=\"submit\" value=\"G\u00f6nder\" \/>\n<\/p><div class=\"wpcf7-response-output\" aria-hidden=\"true\"><\/div>\n<\/form>\n<\/div>\n          <\/div>\r\n  <\/div>\r\n  <\/section>\r\n\t\t\t\t<\/div>\n\t\t\t\t<\/div>\n\t\t\t\t\t<\/div>\n\t\t<\/div>\n\t\t\t\t<div class=\"elementor-column elementor-col-50 elementor-top-column elementor-element elementor-element-5d654ed\" data-id=\"5d654ed\" data-element_type=\"column\" data-e-type=\"column\">\n\t\t\t<div class=\"elementor-widget-wrap elementor-element-populated\">\n\t\t\t\t\t\t<div class=\"elementor-element elementor-element-03e0660 elementor-widget elementor-widget-creote-title-v1\" data-id=\"03e0660\" data-element_type=\"widget\" data-e-type=\"widget\" data-widget_type=\"creote-title-v1.default\">\n\t\t\t\t<div class=\"elementor-widget-container\">\n\t\t\t\t\t<div class=\"title_all_box style_one  dark_color\">\r\n         <div class=\"title_sections left\">\r\n            <div class=\"before_title\">\r\n         IMK Proofreading Services      <\/div>\r\n                                 <div class=\"title\">  Contact Information<\/div>\r\n                            <p>  For all your questions and proofreading requests, you can contact us at info@makekontrol.com. All e-mails will be answered during working hours.<\/p>\r\n         <\/div>\r\n               \r\n<\/div>\r\n\t\t\t\t<\/div>\n\t\t\t\t<\/div>\n\t\t\t\t<div class=\"elementor-element elementor-element-83e33b0 elementor-widget elementor-widget-creote-contact-box-v1\" data-id=\"83e33b0\" data-element_type=\"widget\" data-e-type=\"widget\" data-widget_type=\"creote-contact-box-v1.default\">\n\t\t\t\t<div class=\"elementor-widget-container\">\n\t\t\t\t\t<div class=\"contact_box_content  style_one\"   data-aos=\"fade-up\" data-aos-delay=\"0\" data-aos-offset=\"0\" >\r\n      <div class=\"contact_box_inner  icon_yes \">\r\n            <div class=\"icon_bx\">\r\n         <span class=\" icon-placeholder\"><\/span>\r\n      <\/div>\r\n            <div class=\"contnet\">\r\n                  <h3> Address <\/h3>\r\n                           <p>\r\n            1690 Street, No:5 D:301 Kar\u015f\u0131yaka, \u0130zmir         <\/p>\r\n               <\/div>\r\n   <\/div>\r\n   <\/div>\r\n\t\t\t\t<\/div>\n\t\t\t\t<\/div>\n\t\t\t\t<div class=\"elementor-element elementor-element-eb3e0de elementor-widget elementor-widget-creote-contact-box-v1\" data-id=\"eb3e0de\" data-element_type=\"widget\" data-e-type=\"widget\" data-widget_type=\"creote-contact-box-v1.default\">\n\t\t\t\t<div class=\"elementor-widget-container\">\n\t\t\t\t\t<div class=\"contact_box_content  style_one\"   data-aos=\"fade-up\" data-aos-delay=\"0\" data-aos-offset=\"0\" >\r\n      <div class=\"contact_box_inner  icon_yes \">\r\n            <div class=\"icon_bx\">\r\n         <span class=\" icon-mail\"><\/span>\r\n      <\/div>\r\n            <div class=\"contnet\">\r\n                  <h3> Email <\/h3>\r\n                           <p>\r\n            info@makalekontrol.com         <\/p>\r\n               <\/div>\r\n   <\/div>\r\n   <\/div>\r\n\t\t\t\t<\/div>\n\t\t\t\t<\/div>\n\t\t\t\t<div class=\"elementor-element elementor-element-f64590e elementor-widget elementor-widget-creote-contact-box-v1\" data-id=\"f64590e\" data-element_type=\"widget\" data-e-type=\"widget\" data-widget_type=\"creote-contact-box-v1.default\">\n\t\t\t\t<div class=\"elementor-widget-container\">\n\t\t\t\t\t<div class=\"contact_box_content  style_one\"   data-aos=\"fade-up\" data-aos-delay=\"0\" data-aos-offset=\"0\" >\r\n      <div class=\"contact_box_inner  icon_yes \">\r\n            <div class=\"icon_bx\">\r\n         <span class=\" icon-telephone\"><\/span>\r\n      <\/div>\r\n            <div class=\"contnet\">\r\n                  <h3> Phone <\/h3>\r\n                           <p>\r\n            +90 506 690 56 35         <\/p>\r\n               <\/div>\r\n   <\/div>\r\n   <\/div>\r\n\t\t\t\t<\/div>\n\t\t\t\t<\/div>\n\t\t\t\t\t<\/div>\n\t\t<\/div>\n\t\t\t\t\t<\/div>\n\t\t<\/section>\n\t\t\t\t<section class=\"elementor-section elementor-top-section elementor-element elementor-element-2a2c0e4 elementor-section-full_width elementor-section-height-default elementor-section-height-default\" data-id=\"2a2c0e4\" data-element_type=\"section\" data-e-type=\"section\">\n\t\t\t\t\t\t<div class=\"elementor-container elementor-column-gap-no\">\n\t\t\t\t\t<div class=\"elementor-column elementor-col-100 elementor-top-column elementor-element elementor-element-35f7b49\" data-id=\"35f7b49\" data-element_type=\"column\" data-e-type=\"column\">\n\t\t\t<div class=\"elementor-widget-wrap elementor-element-populated\">\n\t\t\t\t\t\t<div class=\"elementor-element elementor-element-2040207 elementor-widget elementor-widget-google_maps\" data-id=\"2040207\" data-element_type=\"widget\" data-e-type=\"widget\" data-widget_type=\"google_maps.default\">\n\t\t\t\t<div class=\"elementor-widget-container\">\n\t\t\t\t\t\t\t<div class=\"elementor-custom-embed\">\n\t\t\t<iframe loading=\"lazy\"\n\t\t\t\t\tsrc=\"https:\/\/maps.google.com\/maps?q=%C4%B0MK%20Makale%20Kontrol&#038;t=m&#038;z=14&#038;output=embed&#038;iwloc=near\"\n\t\t\t\t\ttitle=\"\u0130MK Makale Kontrol\"\n\t\t\t\t\taria-label=\"\u0130MK Makale Kontrol\"\n\t\t\t><\/iframe>\n\t\t<\/div>\n\t\t\t\t\t\t<\/div>\n\t\t\t\t<\/div>\n\t\t\t\t\t<\/div>\n\t\t<\/div>\n\t\t\t\t\t<\/div>\n\t\t<\/section>\n\t\t\t\t<\/div>\n\t\t","protected":false},"excerpt":{"rendered":"<p>Your Message IMK Proofreading Services Contact Information For all your questions and proofreading requests, you can contact us at info@makekontrol.com. All e-mails will be answered during working hours. Address 1690 Street, No:5 D:301 Kar\u015f\u0131yaka, \u0130zmir Email info@makalekontrol.com Phone +90 506 690 56 35<\/p>\n","protected":false},"author":1,"featured_media":0,"parent":0,"menu_order":0,"comment_status":"closed","ping_status":"closed","template":"template-fullwidth.php","meta":{"om_disable_all_campaigns":false,"_monsterinsights_skip_tracking":false,"_monsterinsights_sitenote_active":false,"_monsterinsights_sitenote_note":"","_monsterinsights_sitenote_category":0,"_uf_show_specific_survey":0,"_uf_disable_surveys":false,"footnotes":""},"class_list":["post-6487","page","type-page","status-publish","hentry"],"aioseo_notices":[],"yoast_head":"<!-- This site is optimized with the Yoast SEO Premium plugin v20.7 (Yoast SEO v27.4) - https:\/\/yoast.com\/product\/yoast-seo-premium-wordpress\/ -->\n<title>Contact - Our Contact Information - \u0130MK Makale Kontrol<\/title>\n<meta name=\"description\" content=\"Contact. You can contact us through our e-mail addresses or phone numbers for all your questions and translation requests.\" \/>\n<meta name=\"robots\" content=\"index, follow, max-snippet:-1, max-image-preview:large, max-video-preview:-1\" \/>\n<link rel=\"canonical\" href=\"https:\/\/makalekontrol.com\/en\/contact\/\" \/>\n<meta property=\"og:locale\" content=\"en_US\" \/>\n<meta property=\"og:type\" content=\"article\" \/>\n<meta property=\"og:title\" content=\"Contact - Our Contact Information - \u0130MK Makale Kontrol\" \/>\n<meta property=\"og:description\" content=\"Contact. You can contact us through our e-mail addresses or phone numbers for all your questions and translation requests.\" \/>\n<meta property=\"og:url\" content=\"https:\/\/makalekontrol.com\/en\/contact\/\" \/>\n<meta property=\"og:site_name\" content=\"\u0130MK Makale Kontrol\" \/>\n<meta property=\"article:modified_time\" content=\"2023-03-28T08:20:20+00:00\" \/>\n<meta property=\"og:image\" content=\"https:\/\/makalekontrol.com\/wp-content\/uploads\/2023\/02\/imk-favicon.png\" \/>\n\t<meta property=\"og:image:width\" content=\"100\" \/>\n\t<meta property=\"og:image:height\" content=\"100\" \/>\n\t<meta property=\"og:image:type\" content=\"image\/png\" \/>\n<script type=\"application\/ld+json\" class=\"yoast-schema-graph\">{\"@context\":\"https:\\\/\\\/schema.org\",\"@graph\":[{\"@type\":\"WebPage\",\"@id\":\"https:\\\/\\\/makalekontrol.com\\\/en\\\/contact\\\/\",\"url\":\"https:\\\/\\\/makalekontrol.com\\\/en\\\/contact\\\/\",\"name\":\"Contact - Our Contact Information - \u0130MK Makale Kontrol\",\"isPartOf\":{\"@id\":\"https:\\\/\\\/makalekontrol.com\\\/#website\"},\"datePublished\":\"2021-10-05T10:12:07+00:00\",\"dateModified\":\"2023-03-28T08:20:20+00:00\",\"description\":\"Contact. You can contact us through our e-mail addresses or phone numbers for all your questions and translation requests.\",\"inLanguage\":\"en-US\",\"potentialAction\":[{\"@type\":\"ReadAction\",\"target\":[\"https:\\\/\\\/makalekontrol.com\\\/en\\\/contact\\\/\"]}]},{\"@type\":\"WebSite\",\"@id\":\"https:\\\/\\\/makalekontrol.com\\\/#website\",\"url\":\"https:\\\/\\\/makalekontrol.com\\\/\",\"name\":\"\u0130MK Makale Kontrol\",\"description\":\"\u0130ngiliz Edit\u00f6rlerle Makale Kontrol\u00fc\",\"publisher\":{\"@id\":\"https:\\\/\\\/makalekontrol.com\\\/#organization\"},\"potentialAction\":[{\"@type\":\"SearchAction\",\"target\":{\"@type\":\"EntryPoint\",\"urlTemplate\":\"https:\\\/\\\/makalekontrol.com\\\/?s={search_term_string}\"},\"query-input\":{\"@type\":\"PropertyValueSpecification\",\"valueRequired\":true,\"valueName\":\"search_term_string\"}}],\"inLanguage\":\"en-US\"},{\"@type\":\"Organization\",\"@id\":\"https:\\\/\\\/makalekontrol.com\\\/#organization\",\"name\":\"\u0130MK Makale Kontrol\",\"url\":\"https:\\\/\\\/makalekontrol.com\\\/\",\"logo\":{\"@type\":\"ImageObject\",\"inLanguage\":\"en-US\",\"@id\":\"https:\\\/\\\/makalekontrol.com\\\/#\\\/schema\\\/logo\\\/image\\\/\",\"url\":\"https:\\\/\\\/makalekontrol.com\\\/wp-content\\\/uploads\\\/2023\\\/02\\\/imk-favicon.png\",\"contentUrl\":\"https:\\\/\\\/makalekontrol.com\\\/wp-content\\\/uploads\\\/2023\\\/02\\\/imk-favicon.png\",\"width\":100,\"height\":100,\"caption\":\"\u0130MK Makale Kontrol\"},\"image\":{\"@id\":\"https:\\\/\\\/makalekontrol.com\\\/#\\\/schema\\\/logo\\\/image\\\/\"}}]}<\/script>\n<!-- \/ Yoast SEO Premium plugin. -->","yoast_head_json":{"title":"Contact - Our Contact Information - \u0130MK Makale Kontrol","description":"Contact. You can contact us through our e-mail addresses or phone numbers for all your questions and translation requests.","robots":{"index":"index","follow":"follow","max-snippet":"max-snippet:-1","max-image-preview":"max-image-preview:large","max-video-preview":"max-video-preview:-1"},"canonical":"https:\/\/makalekontrol.com\/en\/contact\/","og_locale":"en_US","og_type":"article","og_title":"Contact - Our Contact Information - \u0130MK Makale Kontrol","og_description":"Contact. You can contact us through our e-mail addresses or phone numbers for all your questions and translation requests.","og_url":"https:\/\/makalekontrol.com\/en\/contact\/","og_site_name":"\u0130MK Makale Kontrol","article_modified_time":"2023-03-28T08:20:20+00:00","og_image":[{"width":100,"height":100,"url":"https:\/\/makalekontrol.com\/wp-content\/uploads\/2023\/02\/imk-favicon.png","type":"image\/png"}],"schema":{"@context":"https:\/\/schema.org","@graph":[{"@type":"WebPage","@id":"https:\/\/makalekontrol.com\/en\/contact\/","url":"https:\/\/makalekontrol.com\/en\/contact\/","name":"Contact - Our Contact Information - \u0130MK Makale Kontrol","isPartOf":{"@id":"https:\/\/makalekontrol.com\/#website"},"datePublished":"2021-10-05T10:12:07+00:00","dateModified":"2023-03-28T08:20:20+00:00","description":"Contact. You can contact us through our e-mail addresses or phone numbers for all your questions and translation requests.","inLanguage":"en-US","potentialAction":[{"@type":"ReadAction","target":["https:\/\/makalekontrol.com\/en\/contact\/"]}]},{"@type":"WebSite","@id":"https:\/\/makalekontrol.com\/#website","url":"https:\/\/makalekontrol.com\/","name":"\u0130MK Makale Kontrol","description":"\u0130ngiliz Edit\u00f6rlerle Makale Kontrol\u00fc","publisher":{"@id":"https:\/\/makalekontrol.com\/#organization"},"potentialAction":[{"@type":"SearchAction","target":{"@type":"EntryPoint","urlTemplate":"https:\/\/makalekontrol.com\/?s={search_term_string}"},"query-input":{"@type":"PropertyValueSpecification","valueRequired":true,"valueName":"search_term_string"}}],"inLanguage":"en-US"},{"@type":"Organization","@id":"https:\/\/makalekontrol.com\/#organization","name":"\u0130MK Makale Kontrol","url":"https:\/\/makalekontrol.com\/","logo":{"@type":"ImageObject","inLanguage":"en-US","@id":"https:\/\/makalekontrol.com\/#\/schema\/logo\/image\/","url":"https:\/\/makalekontrol.com\/wp-content\/uploads\/2023\/02\/imk-favicon.png","contentUrl":"https:\/\/makalekontrol.com\/wp-content\/uploads\/2023\/02\/imk-favicon.png","width":100,"height":100,"caption":"\u0130MK Makale Kontrol"},"image":{"@id":"https:\/\/makalekontrol.com\/#\/schema\/logo\/image\/"}}]}},"_links":{"self":[{"href":"https:\/\/makalekontrol.com\/en\/wp-json\/wp\/v2\/pages\/6487","targetHints":{"allow":["GET"]}}],"collection":[{"href":"https:\/\/makalekontrol.com\/en\/wp-json\/wp\/v2\/pages"}],"about":[{"href":"https:\/\/makalekontrol.com\/en\/wp-json\/wp\/v2\/types\/page"}],"author":[{"embeddable":true,"href":"https:\/\/makalekontrol.com\/en\/wp-json\/wp\/v2\/users\/1"}],"replies":[{"embeddable":true,"href":"https:\/\/makalekontrol.com\/en\/wp-json\/wp\/v2\/comments?post=6487"}],"version-history":[{"count":18,"href":"https:\/\/makalekontrol.com\/en\/wp-json\/wp\/v2\/pages\/6487\/revisions"}],"predecessor-version":[{"id":6701,"href":"https:\/\/makalekontrol.com\/en\/wp-json\/wp\/v2\/pages\/6487\/revisions\/6701"}],"wp:attachment":[{"href":"https:\/\/makalekontrol.com\/en\/wp-json\/wp\/v2\/media?parent=6487"}],"curies":[{"name":"wp","href":"https:\/\/api.w.org\/{rel}","templated":true}]}}