{"id":6485,"date":"2021-10-05T13:05:24","date_gmt":"2021-10-05T10:05:24","guid":{"rendered":"https:\/\/makalekontrol.com\/neden-biz\/"},"modified":"2023-03-28T10:54:39","modified_gmt":"2023-03-28T07:54:39","slug":"why-us","status":"publish","type":"page","link":"https:\/\/makalekontrol.com\/en\/why-us\/","title":{"rendered":"Why Us?"},"content":{"rendered":"\t\t<div data-elementor-type=\"wp-page\" data-elementor-id=\"6485\" class=\"elementor elementor-6485\">\n\t\t\t\t\t\t<section class=\"elementor-section elementor-top-section elementor-element elementor-element-0a7202d elementor-section-boxed elementor-section-height-default elementor-section-height-default\" data-id=\"0a7202d\" data-element_type=\"section\" data-e-type=\"section\">\n\t\t\t\t\t\t<div class=\"elementor-container elementor-column-gap-default\">\n\t\t\t\t\t<div class=\"elementor-column elementor-col-50 elementor-top-column elementor-element elementor-element-55138ff\" data-id=\"55138ff\" data-element_type=\"column\" data-e-type=\"column\">\n\t\t\t<div class=\"elementor-widget-wrap elementor-element-populated\">\n\t\t\t\t\t\t<div class=\"elementor-element elementor-element-5d44b56 elementor-widget elementor-widget-creote-title-v1\" data-id=\"5d44b56\" data-element_type=\"widget\" data-e-type=\"widget\" data-widget_type=\"creote-title-v1.default\">\n\t\t\t\t<div class=\"elementor-widget-container\">\n\t\t\t\t\t<div class=\"title_all_box style_one  dark_color\">\r\n         <div class=\"title_sections left\">\r\n            <div class=\"before_title\">\r\n         IMK Proofreading Services      <\/div>\r\n                                 <div class=\"title\">  Why Us?<\/div>\r\n                         <\/div>\r\n               \r\n<\/div>\r\n\t\t\t\t<\/div>\n\t\t\t\t<\/div>\n\t\t\t\t<div class=\"elementor-element elementor-element-d1c92db elementor-widget elementor-widget-creote-description-v1\" data-id=\"d1c92db\" data-element_type=\"widget\" data-e-type=\"widget\" data-widget_type=\"creote-description-v1.default\">\n\t\t\t\t<div class=\"elementor-widget-container\">\n\t\t\t\t\t<div class=\"description_box\" >\r\n    <p>We offer our clients the highest quality service, provided by the best editors in the most cost-effective way. Thanks to our web-based 24\/7 workflow we are only one email away, regardless of where you are in the world or what time you need to contact us.<\/p>\r\n  <\/div>\r\n\t\t\t\t<\/div>\n\t\t\t\t<\/div>\n\t\t\t\t<div class=\"elementor-element elementor-element-888bd5f elementor-widget elementor-widget-creote-description-v1\" data-id=\"888bd5f\" data-element_type=\"widget\" data-e-type=\"widget\" data-widget_type=\"creote-description-v1.default\">\n\t\t\t\t<div class=\"elementor-widget-container\">\n\t\t\t\t\t<div class=\"description_box\" >\r\n    <p>As a professional establishment, we respect the confidentiality of the information that our clients entrust to us. Confidentiality is a matter to which we attach the utmost importance. We are aware of the importance of the intellectual property and personal information entrusted to us. We would never make our clients regret trusting us, since we believe that it is an essential condition to  ensure the continuity of our business!<\/p>\r\n  <\/div>\r\n\t\t\t\t<\/div>\n\t\t\t\t<\/div>\n\t\t\t\t<div class=\"elementor-element elementor-element-626087f elementor-widget elementor-widget-creote-description-v1\" data-id=\"626087f\" data-element_type=\"widget\" data-e-type=\"widget\" data-widget_type=\"creote-description-v1.default\">\n\t\t\t\t<div class=\"elementor-widget-container\">\n\t\t\t\t\t<div class=\"description_box\" >\r\n    <p>We guarantee that we will never disclose the content of any material entrusted to us by our clients to any third-party individual or organization.  In addition, all the editors we work with are bound by contracts of confidentiality.<\/p>\r\n  <\/div>\r\n\t\t\t\t<\/div>\n\t\t\t\t<\/div>\n\t\t\t\t\t<\/div>\n\t\t<\/div>\n\t\t\t\t<div class=\"elementor-column elementor-col-50 elementor-top-column elementor-element elementor-element-bfd1edc\" data-id=\"bfd1edc\" data-element_type=\"column\" data-e-type=\"column\">\n\t\t\t<div class=\"elementor-widget-wrap elementor-element-populated\">\n\t\t\t\t\t\t<div class=\"elementor-element elementor-element-a9fb537 elementor-widget elementor-widget-creote-image-box-v1\" data-id=\"a9fb537\" data-element_type=\"widget\" data-e-type=\"widget\" data-widget_type=\"creote-image-box-v1.default\">\n\t\t\t\t<div class=\"elementor-widget-container\">\n\t\t\t\t\t<div class=\"image_boxes style_two\" >\r\n      <img decoding=\"async\" src=\"https:\/\/makalekontrol.com\/wp-content\/plugins\/creote-addons\/\/assets\/images\/shape-1.png\" class=\"background_image\" alt=\"image\" \/>\r\n         <div class=\"image one\">\r\n      <img decoding=\"async\" src=\"https:\/\/makalekontrol.com\/wp-content\/uploads\/2023\/02\/makale-kontrol-neden-biz1.jpg\" class=\"img\" alt=\"image\" \/>\r\n   <\/div>\r\n         <div class=\"image two\">\r\n      <img decoding=\"async\" src=\"https:\/\/makalekontrol.com\/wp-content\/uploads\/2023\/02\/makale-kontrol-neden-biz2.jpg\" class=\"img\" alt=\"image\" \/>\r\n         <\/div>\r\n         <div class=\"authour_quotes\">\r\n      <i class=\"icon-quote\"><\/i>\r\n      <h6>    At IMK  our goal is to bring your written material to the highest level in terms of spelling, grammar, punctuation, wording, and sentence and paragraph structure.<\/h6>\r\n      <p>   <\/p>\r\n   <\/div>\r\n   <\/div>\r\n \r\n\t\t\t\t<\/div>\n\t\t\t\t<\/div>\n\t\t\t\t\t<\/div>\n\t\t<\/div>\n\t\t\t\t\t<\/div>\n\t\t<\/section>\n\t\t\t\t<section class=\"elementor-section elementor-top-section elementor-element elementor-element-562b721 elementor-section-boxed elementor-section-height-default elementor-section-height-default\" data-id=\"562b721\" data-element_type=\"section\" data-e-type=\"section\" data-settings=\"{&quot;background_background&quot;:&quot;classic&quot;}\">\n\t\t\t\t\t\t<div class=\"elementor-container elementor-column-gap-default\">\n\t\t\t\t\t<div class=\"elementor-column elementor-col-100 elementor-top-column elementor-element elementor-element-8e9c1fb\" data-id=\"8e9c1fb\" data-element_type=\"column\" data-e-type=\"column\">\n\t\t\t<div class=\"elementor-widget-wrap elementor-element-populated\">\n\t\t\t\t\t\t<section class=\"elementor-section elementor-inner-section elementor-element elementor-element-fe36003 elementor-section-full_width elementor-section-height-default elementor-section-height-default\" data-id=\"fe36003\" data-element_type=\"section\" data-e-type=\"section\">\n\t\t\t\t\t\t<div class=\"elementor-container elementor-column-gap-default\">\n\t\t\t\t\t<div class=\"elementor-column elementor-col-50 elementor-inner-column elementor-element elementor-element-3e5e5fb\" data-id=\"3e5e5fb\" data-element_type=\"column\" data-e-type=\"column\">\n\t\t\t<div class=\"elementor-widget-wrap elementor-element-populated\">\n\t\t\t\t\t\t<div class=\"elementor-element elementor-element-be9bbe9 elementor-widget elementor-widget-creote-simple-image-box-v1\" data-id=\"be9bbe9\" data-element_type=\"widget\" data-e-type=\"widget\" data-widget_type=\"creote-simple-image-box-v1.default\">\n\t\t\t\t<div class=\"elementor-widget-container\">\n\t\t\t\t\t<div class=\"simple_image_boxes  parallax_cover\"   data-aos=\"fade-up\" data-aos-delay=\"0\"  data-aos-offset=\"0\" >\r\n   <img decoding=\"async\" src=\"https:\/\/makalekontrol.com\/wp-content\/uploads\/2023\/02\/makale-kontrol-neden-biz4.jpg\" class=\"simp_img cover-parallax\" alt=\"image\" \/>\r\n<\/div>\r\n\t\t\t\t<\/div>\n\t\t\t\t<\/div>\n\t\t\t\t<div class=\"elementor-element elementor-element-851a7a3 elementor-widget elementor-widget-creote-simple-image-box-v1\" data-id=\"851a7a3\" data-element_type=\"widget\" data-e-type=\"widget\" data-widget_type=\"creote-simple-image-box-v1.default\">\n\t\t\t\t<div class=\"elementor-widget-container\">\n\t\t\t\t\t<div class=\"simple_image_boxes  parallax_cover\"   data-aos=\"fade-up\" data-aos-delay=\"0\"  data-aos-offset=\"0\" >\r\n   <img decoding=\"async\" src=\"https:\/\/makalekontrol.com\/wp-content\/uploads\/2023\/02\/makale-kontrol-neden-biz3.jpg\" class=\"simp_img cover-parallax\" alt=\"image\" \/>\r\n<\/div>\r\n\t\t\t\t<\/div>\n\t\t\t\t<\/div>\n\t\t\t\t\t<\/div>\n\t\t<\/div>\n\t\t\t\t<div class=\"elementor-column elementor-col-50 elementor-inner-column elementor-element elementor-element-f0b5114\" data-id=\"f0b5114\" data-element_type=\"column\" data-e-type=\"column\">\n\t\t\t<div class=\"elementor-widget-wrap elementor-element-populated\">\n\t\t\t\t\t\t<div class=\"elementor-element elementor-element-cc66363 elementor-widget elementor-widget-creote-iconbox-v1\" data-id=\"cc66363\" data-element_type=\"widget\" data-e-type=\"widget\" data-widget_type=\"creote-iconbox-v1.default\">\n\t\t\t\t<div class=\"elementor-widget-container\">\n\t\t\t\t\t<div class=\"icon_box_all  style_three\"   data-aos=\"fade-up\" data-aos-delay=\"0\"  data-aos-offset=\"0\" >\r\n      <div class=\"icon_content \">\r\n            <div class=\"icon\">\r\n         <span class=\" icon-growth\"><\/span>\r\n      <\/div>\r\n            <div class=\"txt_content\">\r\n                  <h3>\r\n            <a href=\"\/en\/contact\"  target=&quot;_blank&quot;  rel=&quot;nofollow&quot;>\r\n            Topics we want to highlight            <\/a>\r\n         <\/h3>\r\n                                             <ul>\r\n                        <li>\r\n               We only proofread\/edit texts in English,            <\/li>\r\n                        <li>\r\n               We work exclusively with native English-speaking editors,            <\/li>\r\n                        <li>\r\n               Our editors have vast experience in academic studies,            <\/li>\r\n                        <li>\r\n               We never exceed the determined deadline; on the contrary we often deliver earlier.            <\/li>\r\n                        <li>\r\n               More than 300 satisfied clients (and increasing every month). See Clients' Experiences            <\/li>\r\n                        <li>\r\n               We clearly show the changes we make in the text            <\/li>\r\n                        <li>\r\n               We pay the same level of attention to work whether it is 100 or 10,000 words long.            <\/li>\r\n                        <li>\r\n               We are at your service 24 hours a day, seven days a week            <\/li>\r\n                     <\/ul>\r\n                           <div class=\"btn_left\">\r\n           \r\n            <a href=\"\/en\/contact\"   target=&quot;_blank&quot;  rel=&quot;nofollow&quot; class=\"theme-btn one\">\r\n            Contact            <\/a>\r\n         <\/div>\r\n               <\/div>\r\n   <\/div>\r\n   \r\n<\/div>\r\n\t\t\t\t<\/div>\n\t\t\t\t<\/div>\n\t\t\t\t\t<\/div>\n\t\t<\/div>\n\t\t\t\t\t<\/div>\n\t\t<\/section>\n\t\t\t\t\t<\/div>\n\t\t<\/div>\n\t\t\t\t\t<\/div>\n\t\t<\/section>\n\t\t\t\t<section class=\"elementor-section elementor-top-section elementor-element elementor-element-e371170 elementor-section-boxed elementor-section-height-default elementor-section-height-default\" data-id=\"e371170\" data-element_type=\"section\" data-e-type=\"section\" data-settings=\"{&quot;background_background&quot;:&quot;classic&quot;}\">\n\t\t\t\t\t\t<div class=\"elementor-container elementor-column-gap-no\">\n\t\t\t\t\t<div class=\"elementor-column elementor-col-100 elementor-top-column elementor-element elementor-element-3772fb2\" data-id=\"3772fb2\" data-element_type=\"column\" data-e-type=\"column\">\n\t\t\t<div class=\"elementor-widget-wrap elementor-element-populated\">\n\t\t\t\t\t\t<section class=\"elementor-section elementor-inner-section elementor-element elementor-element-916f420 elementor-section-boxed elementor-section-height-default elementor-section-height-default\" data-id=\"916f420\" data-element_type=\"section\" data-e-type=\"section\">\n\t\t\t\t\t\t<div class=\"elementor-container elementor-column-gap-no\">\n\t\t\t\t\t<div class=\"elementor-column elementor-col-50 elementor-inner-column elementor-element elementor-element-c44ee7e\" data-id=\"c44ee7e\" data-element_type=\"column\" data-e-type=\"column\">\n\t\t\t<div class=\"elementor-widget-wrap elementor-element-populated\">\n\t\t\t\t\t\t<div class=\"elementor-element elementor-element-4fe936f elementor-widget elementor-widget-creote-contact-form-v1\" data-id=\"4fe936f\" data-element_type=\"widget\" data-e-type=\"widget\" data-widget_type=\"creote-contact-form-v1.default\">\n\t\t\t\t<div class=\"elementor-widget-container\">\n\t\t\t\t\t<section class=\"contact_form_box_all type_two\"\r\n   data-aos=\"fade-up\"  data-aos-offset=\"0\"\r\n  data-aos-delay=\"0\" >\r\n    <div class=\"contact_form_box_inner\">\r\n        <div class=\"contact_form_shortcode\">\r\n            <div class=\"heading\">\r\n        <h2>Contact us!<\/h2>\r\n      <\/div>\r\n            <div class=\"_form\">\r\n                \n<div class=\"wpcf7 no-js\" id=\"wpcf7-f6518-o1\" lang=\"en-US\" dir=\"ltr\" data-wpcf7-id=\"6518\">\n<div class=\"screen-reader-response\"><p role=\"status\" aria-live=\"polite\" aria-atomic=\"true\"><\/p> <ul><\/ul><\/div>\n<form action=\"\/en\/wp-json\/wp\/v2\/pages\/6485#wpcf7-f6518-o1\" method=\"post\" class=\"wpcf7-form init\" aria-label=\"Contact form\" novalidate=\"novalidate\" data-status=\"init\">\n<fieldset class=\"hidden-fields-container\"><input type=\"hidden\" name=\"_wpcf7\" value=\"6518\" \/><input type=\"hidden\" name=\"_wpcf7_version\" value=\"6.1.4\" \/><input type=\"hidden\" name=\"_wpcf7_locale\" value=\"en_US\" \/><input type=\"hidden\" name=\"_wpcf7_unit_tag\" value=\"wpcf7-f6518-o1\" \/><input type=\"hidden\" name=\"_wpcf7_container_post\" value=\"0\" \/><input type=\"hidden\" name=\"_wpcf7_posted_data_hash\" value=\"\" \/><input type=\"hidden\" name=\"_wpcf7_recaptcha_response\" value=\"\" \/>\n<\/fieldset>\n<p><label><span class=\"wpcf7-form-control-wrap\" data-name=\"your-name\"><input size=\"40\" maxlength=\"400\" class=\"wpcf7-form-control wpcf7-text wpcf7-validates-as-required\" aria-required=\"true\" aria-invalid=\"false\" value=\"Name Surname\" type=\"text\" name=\"your-name\" \/><\/span><i class=\"fa fa-user\"><\/i><\/label>\n<\/p>\n<p><label><span class=\"wpcf7-form-control-wrap\" data-name=\"your-email\"><input size=\"40\" maxlength=\"400\" class=\"wpcf7-form-control wpcf7-email wpcf7-validates-as-required wpcf7-text wpcf7-validates-as-email\" aria-required=\"true\" aria-invalid=\"false\" value=\"Email\" type=\"email\" name=\"your-email\" \/><\/span><i class=\"fa fa-envelope\"><\/i><\/label>\n<\/p>\n<p><label><span class=\"wpcf7-form-control-wrap\" data-name=\"your-subject\"><input size=\"40\" maxlength=\"400\" class=\"wpcf7-form-control wpcf7-text wpcf7-validates-as-required\" aria-required=\"true\" aria-invalid=\"false\" value=\"Subject\" type=\"text\" name=\"your-subject\" \/><\/span><i class=\"fa fa-folder\"><\/i><\/label>\n<\/p>\n<p><label><span class=\"wpcf7-form-control-wrap\" data-name=\"your-message\"><textarea cols=\"40\" rows=\"10\" maxlength=\"2000\" class=\"wpcf7-form-control wpcf7-textarea\" aria-invalid=\"false\" name=\"your-message\">Your Message<\/textarea><\/span><i class=\"fa fa-comments\"><\/i><\/label>\n<\/p>\n<p><input class=\"wpcf7-form-control wpcf7-submit has-spinner\" type=\"submit\" value=\"G\u00f6nder\" \/>\n<\/p><div class=\"wpcf7-response-output\" aria-hidden=\"true\"><\/div>\n<\/form>\n<\/div>\n              <\/div>\r\n    <\/div>\r\n  <\/div>\r\n  <\/section>\r\n\t\t\t\t<\/div>\n\t\t\t\t<\/div>\n\t\t\t\t\t<\/div>\n\t\t<\/div>\n\t\t\t\t<div class=\"elementor-column elementor-col-50 elementor-inner-column elementor-element elementor-element-3a137ed\" data-id=\"3a137ed\" data-element_type=\"column\" data-e-type=\"column\" data-settings=\"{&quot;background_background&quot;:&quot;classic&quot;}\">\n\t\t\t<div class=\"elementor-widget-wrap\">\n\t\t\t\t\t\t\t<\/div>\n\t\t<\/div>\n\t\t\t\t\t<\/div>\n\t\t<\/section>\n\t\t\t\t\t<\/div>\n\t\t<\/div>\n\t\t\t\t\t<\/div>\n\t\t<\/section>\n\t\t\t\t<\/div>\n\t\t","protected":false},"excerpt":{"rendered":"<p>IMK Proofreading Services Why Us? We offer our clients the highest quality service, provided by the best editors in the most cost-effective way. Thanks to our web-based 24\/7 workflow we are only one email away, regardless of where you are in the world or what time you need to contact us. As a professional establishment, [&hellip;]<\/p>\n","protected":false},"author":1,"featured_media":0,"parent":0,"menu_order":0,"comment_status":"closed","ping_status":"closed","template":"template-fullwidth.php","meta":{"om_disable_all_campaigns":false,"_monsterinsights_skip_tracking":false,"_monsterinsights_sitenote_active":false,"_monsterinsights_sitenote_note":"","_monsterinsights_sitenote_category":0,"_uf_show_specific_survey":0,"_uf_disable_surveys":false,"footnotes":""},"class_list":["post-6485","page","type-page","status-publish","hentry"],"aioseo_notices":[],"yoast_head":"<!-- This site is optimized with the Yoast SEO Premium plugin v20.7 (Yoast SEO v27.4) - https:\/\/yoast.com\/product\/yoast-seo-premium-wordpress\/ -->\n<title>Why Us? - About - \u0130MK Makale Kontrol<\/title>\n<meta name=\"description\" content=\"Why Us ? Thanks to the internet, wherever you are in the world, we are just an e-mail away from you and we are at your service.\" \/>\n<meta name=\"robots\" content=\"index, follow, max-snippet:-1, max-image-preview:large, max-video-preview:-1\" \/>\n<link rel=\"canonical\" href=\"https:\/\/makalekontrol.com\/en\/why-us\/\" \/>\n<meta property=\"og:locale\" content=\"en_US\" \/>\n<meta property=\"og:type\" content=\"article\" \/>\n<meta property=\"og:title\" content=\"Why Us? - About - \u0130MK Makale Kontrol\" \/>\n<meta property=\"og:description\" content=\"Why Us ? Thanks to the internet, wherever you are in the world, we are just an e-mail away from you and we are at your service.\" \/>\n<meta property=\"og:url\" content=\"https:\/\/makalekontrol.com\/en\/why-us\/\" \/>\n<meta property=\"og:site_name\" content=\"\u0130MK Makale Kontrol\" \/>\n<meta property=\"article:modified_time\" content=\"2023-03-28T07:54:39+00:00\" \/>\n<meta property=\"og:image\" content=\"https:\/\/makalekontrol.com\/wp-content\/plugins\/creote-addons\/\/assets\/images\/shape-1.png\" \/>\n<script type=\"application\/ld+json\" class=\"yoast-schema-graph\">{\"@context\":\"https:\\\/\\\/schema.org\",\"@graph\":[{\"@type\":\"WebPage\",\"@id\":\"https:\\\/\\\/makalekontrol.com\\\/en\\\/why-us\\\/\",\"url\":\"https:\\\/\\\/makalekontrol.com\\\/en\\\/why-us\\\/\",\"name\":\"Why Us? - About - \u0130MK Makale Kontrol\",\"isPartOf\":{\"@id\":\"https:\\\/\\\/makalekontrol.com\\\/#website\"},\"primaryImageOfPage\":{\"@id\":\"https:\\\/\\\/makalekontrol.com\\\/en\\\/why-us\\\/#primaryimage\"},\"image\":{\"@id\":\"https:\\\/\\\/makalekontrol.com\\\/en\\\/why-us\\\/#primaryimage\"},\"thumbnailUrl\":\"https:\\\/\\\/makalekontrol.com\\\/wp-content\\\/plugins\\\/creote-addons\\\/\\\/assets\\\/images\\\/shape-1.png\",\"datePublished\":\"2021-10-05T10:05:24+00:00\",\"dateModified\":\"2023-03-28T07:54:39+00:00\",\"description\":\"Why Us ? Thanks to the internet, wherever you are in the world, we are just an e-mail away from you and we are at your service.\",\"inLanguage\":\"en-US\",\"potentialAction\":[{\"@type\":\"ReadAction\",\"target\":[\"https:\\\/\\\/makalekontrol.com\\\/en\\\/why-us\\\/\"]}]},{\"@type\":\"ImageObject\",\"inLanguage\":\"en-US\",\"@id\":\"https:\\\/\\\/makalekontrol.com\\\/en\\\/why-us\\\/#primaryimage\",\"url\":\"https:\\\/\\\/makalekontrol.com\\\/wp-content\\\/plugins\\\/creote-addons\\\/\\\/assets\\\/images\\\/shape-1.png\",\"contentUrl\":\"https:\\\/\\\/makalekontrol.com\\\/wp-content\\\/plugins\\\/creote-addons\\\/\\\/assets\\\/images\\\/shape-1.png\"},{\"@type\":\"WebSite\",\"@id\":\"https:\\\/\\\/makalekontrol.com\\\/#website\",\"url\":\"https:\\\/\\\/makalekontrol.com\\\/\",\"name\":\"\u0130MK Makale Kontrol\",\"description\":\"\u0130ngiliz Edit\u00f6rlerle Makale Kontrol\u00fc\",\"publisher\":{\"@id\":\"https:\\\/\\\/makalekontrol.com\\\/#organization\"},\"potentialAction\":[{\"@type\":\"SearchAction\",\"target\":{\"@type\":\"EntryPoint\",\"urlTemplate\":\"https:\\\/\\\/makalekontrol.com\\\/?s={search_term_string}\"},\"query-input\":{\"@type\":\"PropertyValueSpecification\",\"valueRequired\":true,\"valueName\":\"search_term_string\"}}],\"inLanguage\":\"en-US\"},{\"@type\":\"Organization\",\"@id\":\"https:\\\/\\\/makalekontrol.com\\\/#organization\",\"name\":\"\u0130MK Makale Kontrol\",\"url\":\"https:\\\/\\\/makalekontrol.com\\\/\",\"logo\":{\"@type\":\"ImageObject\",\"inLanguage\":\"en-US\",\"@id\":\"https:\\\/\\\/makalekontrol.com\\\/#\\\/schema\\\/logo\\\/image\\\/\",\"url\":\"https:\\\/\\\/makalekontrol.com\\\/wp-content\\\/uploads\\\/2023\\\/02\\\/imk-favicon.png\",\"contentUrl\":\"https:\\\/\\\/makalekontrol.com\\\/wp-content\\\/uploads\\\/2023\\\/02\\\/imk-favicon.png\",\"width\":100,\"height\":100,\"caption\":\"\u0130MK Makale Kontrol\"},\"image\":{\"@id\":\"https:\\\/\\\/makalekontrol.com\\\/#\\\/schema\\\/logo\\\/image\\\/\"}}]}<\/script>\n<!-- \/ Yoast SEO Premium plugin. -->","yoast_head_json":{"title":"Why Us? - About - \u0130MK Makale Kontrol","description":"Why Us ? Thanks to the internet, wherever you are in the world, we are just an e-mail away from you and we are at your service.","robots":{"index":"index","follow":"follow","max-snippet":"max-snippet:-1","max-image-preview":"max-image-preview:large","max-video-preview":"max-video-preview:-1"},"canonical":"https:\/\/makalekontrol.com\/en\/why-us\/","og_locale":"en_US","og_type":"article","og_title":"Why Us? - About - \u0130MK Makale Kontrol","og_description":"Why Us ? Thanks to the internet, wherever you are in the world, we are just an e-mail away from you and we are at your service.","og_url":"https:\/\/makalekontrol.com\/en\/why-us\/","og_site_name":"\u0130MK Makale Kontrol","article_modified_time":"2023-03-28T07:54:39+00:00","og_image":[{"url":"https:\/\/makalekontrol.com\/wp-content\/plugins\/creote-addons\/\/assets\/images\/shape-1.png","type":"","width":"","height":""}],"schema":{"@context":"https:\/\/schema.org","@graph":[{"@type":"WebPage","@id":"https:\/\/makalekontrol.com\/en\/why-us\/","url":"https:\/\/makalekontrol.com\/en\/why-us\/","name":"Why Us? - About - \u0130MK Makale Kontrol","isPartOf":{"@id":"https:\/\/makalekontrol.com\/#website"},"primaryImageOfPage":{"@id":"https:\/\/makalekontrol.com\/en\/why-us\/#primaryimage"},"image":{"@id":"https:\/\/makalekontrol.com\/en\/why-us\/#primaryimage"},"thumbnailUrl":"https:\/\/makalekontrol.com\/wp-content\/plugins\/creote-addons\/\/assets\/images\/shape-1.png","datePublished":"2021-10-05T10:05:24+00:00","dateModified":"2023-03-28T07:54:39+00:00","description":"Why Us ? Thanks to the internet, wherever you are in the world, we are just an e-mail away from you and we are at your service.","inLanguage":"en-US","potentialAction":[{"@type":"ReadAction","target":["https:\/\/makalekontrol.com\/en\/why-us\/"]}]},{"@type":"ImageObject","inLanguage":"en-US","@id":"https:\/\/makalekontrol.com\/en\/why-us\/#primaryimage","url":"https:\/\/makalekontrol.com\/wp-content\/plugins\/creote-addons\/\/assets\/images\/shape-1.png","contentUrl":"https:\/\/makalekontrol.com\/wp-content\/plugins\/creote-addons\/\/assets\/images\/shape-1.png"},{"@type":"WebSite","@id":"https:\/\/makalekontrol.com\/#website","url":"https:\/\/makalekontrol.com\/","name":"\u0130MK Makale Kontrol","description":"\u0130ngiliz Edit\u00f6rlerle Makale Kontrol\u00fc","publisher":{"@id":"https:\/\/makalekontrol.com\/#organization"},"potentialAction":[{"@type":"SearchAction","target":{"@type":"EntryPoint","urlTemplate":"https:\/\/makalekontrol.com\/?s={search_term_string}"},"query-input":{"@type":"PropertyValueSpecification","valueRequired":true,"valueName":"search_term_string"}}],"inLanguage":"en-US"},{"@type":"Organization","@id":"https:\/\/makalekontrol.com\/#organization","name":"\u0130MK Makale Kontrol","url":"https:\/\/makalekontrol.com\/","logo":{"@type":"ImageObject","inLanguage":"en-US","@id":"https:\/\/makalekontrol.com\/#\/schema\/logo\/image\/","url":"https:\/\/makalekontrol.com\/wp-content\/uploads\/2023\/02\/imk-favicon.png","contentUrl":"https:\/\/makalekontrol.com\/wp-content\/uploads\/2023\/02\/imk-favicon.png","width":100,"height":100,"caption":"\u0130MK Makale Kontrol"},"image":{"@id":"https:\/\/makalekontrol.com\/#\/schema\/logo\/image\/"}}]}},"_links":{"self":[{"href":"https:\/\/makalekontrol.com\/en\/wp-json\/wp\/v2\/pages\/6485","targetHints":{"allow":["GET"]}}],"collection":[{"href":"https:\/\/makalekontrol.com\/en\/wp-json\/wp\/v2\/pages"}],"about":[{"href":"https:\/\/makalekontrol.com\/en\/wp-json\/wp\/v2\/types\/page"}],"author":[{"embeddable":true,"href":"https:\/\/makalekontrol.com\/en\/wp-json\/wp\/v2\/users\/1"}],"replies":[{"embeddable":true,"href":"https:\/\/makalekontrol.com\/en\/wp-json\/wp\/v2\/comments?post=6485"}],"version-history":[{"count":17,"href":"https:\/\/makalekontrol.com\/en\/wp-json\/wp\/v2\/pages\/6485\/revisions"}],"predecessor-version":[{"id":6685,"href":"https:\/\/makalekontrol.com\/en\/wp-json\/wp\/v2\/pages\/6485\/revisions\/6685"}],"wp:attachment":[{"href":"https:\/\/makalekontrol.com\/en\/wp-json\/wp\/v2\/media?parent=6485"}],"curies":[{"name":"wp","href":"https:\/\/api.w.org\/{rel}","templated":true}]}}